{"id":215,"date":"2026-04-28T07:28:40","date_gmt":"2026-04-28T07:28:40","guid":{"rendered":"https:\/\/kanalla-store.com\/politica-de-privacidad\/"},"modified":"2026-04-28T07:28:47","modified_gmt":"2026-04-28T07:28:47","slug":"politica-de-privacidad","status":"publish","type":"page","link":"https:\/\/kanalla-store.com\/en\/politica-de-privacidad\/","title":{"rendered":"Pol\u00edtica de Privacidad"},"content":{"rendered":"<div data-elementor-type=\"wp-page\" data-elementor-id=\"215\" class=\"elementor elementor-215\">\n\t\t\t\t<div class=\"elementor-element elementor-element-cxpe0yf0 twbb_section e-con-boxed e-flex e-con e-parent\" data-id=\"cxpe0yf0\" data-element_type=\"container\">\n\t\t\t\t\t<div class=\"e-con-inner\">\n\t\t\t\t<div class=\"elementor-element elementor-element-mulfux6g elementor-widget__width-initial elementor-widget-mobile__width-inherit elementor-widget-tablet__width-initial elementor-invisible elementor-widget elementor-widget-heading\" data-id=\"mulfux6g\" data-element_type=\"widget\" data-settings=\"{&quot;_animation&quot;:&quot;fadeInUp&quot;}\" data-widget_type=\"heading.default\">\n\t\t\t\t\t<h1 class=\"elementor-heading-title elementor-size-default\">Pol\u00edtica de Privacidad<\/h1>\t\t\t\t<\/div>\n\t\t\t\t\t<\/div>\n\t\t\t\t<\/div>\n\t\t<div class=\"elementor-element elementor-element-zx4r2j8r twbb_section e-con-boxed e-flex e-con e-parent\" data-id=\"zx4r2j8r\" data-element_type=\"container\">\n\t\t\t\t\t<div class=\"e-con-inner\">\n\t\t\t\t<div class=\"elementor-element elementor-element-5pgkl6ib elementor-widget__width-initial elementor-widget-mobile__width-inherit elementor-widget-tablet__width-initial elementor-invisible elementor-widget elementor-widget-text-editor\" data-id=\"5pgkl6ib\" data-element_type=\"widget\" data-settings=\"{&quot;_animation&quot;:&quot;fadeInUp&quot;}\" data-widget_type=\"text-editor.default\">\n\t\t\t\t\t\t\t\t\t<h2>Pol\u00edtica de Privacidad<\/h2>\n<p>En Kanalla, nos comprometemos a proteger la privacidad y seguridad de nuestros clientes y visitantes. Esta pol\u00edtica explica c\u00f3mo recopilamos, usamos, divulgamos y protegemos su informaci\u00f3n personal en cumplimiento con la normativa vigente.<\/p>\n<h3>Informaci\u00f3n que Recopilamos<\/h3>\n<p>Recopilamos informaci\u00f3n personal cuando usted realiza una compra, se registra en nuestro sitio, o se comunica con nosotros a trav\u00e9s del formulario de contacto. La informaci\u00f3n puede incluir su nombre, direcci\u00f3n, correo electr\u00f3nico, n\u00famero de tel\u00e9fono y detalles de pago.<\/p>\n<h3>Uso de la Informaci\u00f3n<\/h3>\n<p>Utilizamos su informaci\u00f3n para procesar pedidos, gestionar su cuenta, responder a sus consultas, enviarle informaci\u00f3n relevante sobre nuestros productos y promociones, y mejorar la experiencia en nuestro sitio web.<\/p>\n<h3>Protecci\u00f3n de Datos<\/h3>\n<p>Implementamos medidas de seguridad t\u00e9cnicas y organizativas para proteger su informaci\u00f3n contra accesos no autorizados, alteraciones, divulgaciones o destrucci\u00f3n. La informaci\u00f3n de pago se procesa a trav\u00e9s de plataformas seguras y encriptadas.<\/p>\n<h3>Compartir Informaci\u00f3n<\/h3>\n<p>No vendemos, alquilamos ni compartimos su informaci\u00f3n personal con terceros sin su consentimiento, salvo en los casos necesarios para cumplir con obligaciones legales, procesar pagos o facilitar servicios relacionados con su compra.<\/p>\n<h3>Derechos del Usuario<\/h3>\n<p>Usted tiene derecho a acceder, rectificar, cancelar u oponerse al tratamiento de sus datos personales. Para ejercer estos derechos, puede contactarnos a trav\u00e9s del correo electr\u00f3nico <a href='mailto:soniaroman1969@gmail.com'>soniaroman1969@gmail.com<\/a>.<\/p>\n<h3>Cookies y Tecnolog\u00edas Similares<\/h3>\n<p>Utilizamos cookies para mejorar la funcionalidad del sitio, analizar tendencias y ofrecer contenido personalizado. Puede configurar su navegador para gestionar o bloquear cookies.<\/p>\n<h3>Cambios en la Pol\u00edtica<\/h3>\n<p>Nos reservamos el derecho a modificar esta pol\u00edtica en cualquier momento. Las modificaciones ser\u00e1n publicadas en esta misma p\u00e1gina con la fecha de actualizaci\u00f3n.<\/p>\n<h3>Contacto<\/h3>\n<p>Para cualquier duda o consulta sobre nuestra pol\u00edtica de privacidad, puede contactarnos en:<\/p>\n<ul>\n<li><strong>Nombre:<\/strong> Sonia Rom\u00e1n Fern\u00e1ndez<\/li>\n<li><strong>Tel\u00e9fono:<\/strong> 653244750<\/li>\n<li><strong>Email:<\/strong> <a href='mailto:soniaroman1969@gmail.com'>soniaroman1969@gmail.com<\/a><\/li>\n<li><strong>Direcci\u00f3n:<\/strong> Vecindario, Las Palmas<\/li>\n<\/ul>\t\t\t\t\t\t\t\t<\/div>\n\t\t\t\t\t<\/div>\n\t\t\t\t<\/div>\n\t\t\t\t<\/div>","protected":false},"excerpt":{"rendered":"","protected":false},"author":0,"featured_media":0,"parent":0,"menu_order":0,"comment_status":"closed","ping_status":"publish","template":"","meta":{"footnotes":""},"class_list":["post-215","page","type-page","status-publish","hentry"],"yoast_head":"<!-- This site is optimized with the Yoast SEO plugin v27.5 - https:\/\/yoast.com\/product\/yoast-seo-wordpress\/ -->\n<title>Pol\u00edtica de Privacidad - Kanalla - Accesorios y Complementos para Mujer<\/title>\n<meta name=\"robots\" content=\"index, follow, max-snippet:-1, max-image-preview:large, max-video-preview:-1\" \/>\n<link rel=\"canonical\" href=\"https:\/\/kanalla-store.com\/en\/politica-de-privacidad\/\" \/>\n<meta property=\"og:locale\" content=\"en_GB\" \/>\n<meta property=\"og:type\" content=\"article\" \/>\n<meta property=\"og:title\" content=\"Pol\u00edtica de Privacidad - Kanalla - Accesorios y Complementos para Mujer\" \/>\n<meta property=\"og:url\" content=\"https:\/\/kanalla-store.com\/en\/politica-de-privacidad\/\" \/>\n<meta property=\"og:site_name\" content=\"Kanalla - Accesorios y Complementos para Mujer\" \/>\n<meta property=\"article:modified_time\" content=\"2026-04-28T07:28:47+00:00\" \/>\n<meta name=\"twitter:card\" content=\"summary_large_image\" \/>\n<script type=\"application\/ld+json\" class=\"yoast-schema-graph\">{\"@context\":\"https:\\\/\\\/schema.org\",\"@graph\":[{\"@type\":\"WebPage\",\"@id\":\"https:\\\/\\\/kanalla-store.com\\\/politica-de-privacidad\\\/\",\"url\":\"https:\\\/\\\/kanalla-store.com\\\/politica-de-privacidad\\\/\",\"name\":\"Pol\u00edtica de Privacidad - Kanalla - Accesorios y Complementos para Mujer\",\"isPartOf\":{\"@id\":\"https:\\\/\\\/kanalla-store.com\\\/#website\"},\"datePublished\":\"2026-04-28T07:28:40+00:00\",\"dateModified\":\"2026-04-28T07:28:47+00:00\",\"breadcrumb\":{\"@id\":\"https:\\\/\\\/kanalla-store.com\\\/politica-de-privacidad\\\/#breadcrumb\"},\"inLanguage\":\"en-GB\",\"potentialAction\":[{\"@type\":\"ReadAction\",\"target\":[\"https:\\\/\\\/kanalla-store.com\\\/politica-de-privacidad\\\/\"]}]},{\"@type\":\"BreadcrumbList\",\"@id\":\"https:\\\/\\\/kanalla-store.com\\\/politica-de-privacidad\\\/#breadcrumb\",\"itemListElement\":[{\"@type\":\"ListItem\",\"position\":1,\"name\":\"Home\",\"item\":\"https:\\\/\\\/kanalla-store.com\\\/\"},{\"@type\":\"ListItem\",\"position\":2,\"name\":\"Pol\u00edtica de Privacidad\"}]},{\"@type\":\"WebSite\",\"@id\":\"https:\\\/\\\/kanalla-store.com\\\/#website\",\"url\":\"https:\\\/\\\/kanalla-store.com\\\/\",\"name\":\"Kanalla - Accesorios y Complementos para Mujer\",\"description\":\"\",\"potentialAction\":[{\"@type\":\"SearchAction\",\"target\":{\"@type\":\"EntryPoint\",\"urlTemplate\":\"https:\\\/\\\/kanalla-store.com\\\/?s={search_term_string}\"},\"query-input\":{\"@type\":\"PropertyValueSpecification\",\"valueRequired\":true,\"valueName\":\"search_term_string\"}}],\"inLanguage\":\"en-GB\"}]}<\/script>\n<!-- \/ Yoast SEO plugin. -->","yoast_head_json":{"title":"Pol\u00edtica de Privacidad - Kanalla - Accesorios y Complementos para Mujer","robots":{"index":"index","follow":"follow","max-snippet":"max-snippet:-1","max-image-preview":"max-image-preview:large","max-video-preview":"max-video-preview:-1"},"canonical":"https:\/\/kanalla-store.com\/en\/politica-de-privacidad\/","og_locale":"en_GB","og_type":"article","og_title":"Pol\u00edtica de Privacidad - Kanalla - Accesorios y Complementos para Mujer","og_url":"https:\/\/kanalla-store.com\/en\/politica-de-privacidad\/","og_site_name":"Kanalla - Accesorios y Complementos para Mujer","article_modified_time":"2026-04-28T07:28:47+00:00","twitter_card":"summary_large_image","schema":{"@context":"https:\/\/schema.org","@graph":[{"@type":"WebPage","@id":"https:\/\/kanalla-store.com\/politica-de-privacidad\/","url":"https:\/\/kanalla-store.com\/politica-de-privacidad\/","name":"Pol\u00edtica de Privacidad - Kanalla - Accesorios y Complementos para Mujer","isPartOf":{"@id":"https:\/\/kanalla-store.com\/#website"},"datePublished":"2026-04-28T07:28:40+00:00","dateModified":"2026-04-28T07:28:47+00:00","breadcrumb":{"@id":"https:\/\/kanalla-store.com\/politica-de-privacidad\/#breadcrumb"},"inLanguage":"en-GB","potentialAction":[{"@type":"ReadAction","target":["https:\/\/kanalla-store.com\/politica-de-privacidad\/"]}]},{"@type":"BreadcrumbList","@id":"https:\/\/kanalla-store.com\/politica-de-privacidad\/#breadcrumb","itemListElement":[{"@type":"ListItem","position":1,"name":"Home","item":"https:\/\/kanalla-store.com\/"},{"@type":"ListItem","position":2,"name":"Pol\u00edtica de Privacidad"}]},{"@type":"WebSite","@id":"https:\/\/kanalla-store.com\/#website","url":"https:\/\/kanalla-store.com\/","name":"Kanalla - Accesorios y Complementos para Mujer","description":"","potentialAction":[{"@type":"SearchAction","target":{"@type":"EntryPoint","urlTemplate":"https:\/\/kanalla-store.com\/?s={search_term_string}"},"query-input":{"@type":"PropertyValueSpecification","valueRequired":true,"valueName":"search_term_string"}}],"inLanguage":"en-GB"}]}},"_links":{"self":[{"href":"https:\/\/kanalla-store.com\/en\/wp-json\/wp\/v2\/pages\/215","targetHints":{"allow":["GET"]}}],"collection":[{"href":"https:\/\/kanalla-store.com\/en\/wp-json\/wp\/v2\/pages"}],"about":[{"href":"https:\/\/kanalla-store.com\/en\/wp-json\/wp\/v2\/types\/page"}],"replies":[{"embeddable":true,"href":"https:\/\/kanalla-store.com\/en\/wp-json\/wp\/v2\/comments?post=215"}],"version-history":[{"count":1,"href":"https:\/\/kanalla-store.com\/en\/wp-json\/wp\/v2\/pages\/215\/revisions"}],"predecessor-version":[{"id":255,"href":"https:\/\/kanalla-store.com\/en\/wp-json\/wp\/v2\/pages\/215\/revisions\/255"}],"wp:attachment":[{"href":"https:\/\/kanalla-store.com\/en\/wp-json\/wp\/v2\/media?parent=215"}],"curies":[{"name":"wp","href":"https:\/\/api.w.org\/{rel}","templated":true}]}}